{"id":10912,"date":"2016-06-30T12:38:43","date_gmt":"2016-06-30T10:38:43","guid":{"rendered":"http:\/\/neu.gruener-soelden.com\/en\/?page_id=10912"},"modified":"2025-04-15T17:14:03","modified_gmt":"2025-04-15T15:14:03","slug":"your-hosts","status":"publish","type":"page","link":"https:\/\/gruener-soelden.com\/en\/the-4-seasons\/your-hosts\/","title":{"rendered":"Your hosts"},"content":{"rendered":"[vc_row type=&#8221;full_width_background&#8221; bg_image=&#8221;8432&#8243; bg_position=&#8221;center center&#8221; bg_repeat=&#8221;no-repeat&#8221; scene_position=&#8221;center&#8221; text_color=&#8221;dark&#8221; text_align=&#8221;left&#8221; class=&#8221;set-intro-header&#8221; overlay_strength=&#8221;0.3&#8243;][vc_column column_padding=&#8221;no-extra-padding&#8221; column_padding_position=&#8221;all&#8221; background_color_opacity=&#8221;0.1&#8243; background_hover_color_opacity=&#8221;0.1&#8243; width=&#8221;1\/1&#8243;][\/vc_column][\/vc_row][vc_row type=&#8221;in_container&#8221; scene_position=&#8221;center&#8221; text_color=&#8221;dark&#8221; text_align=&#8221;left&#8221; class=&#8221;set-intro-text&#8221; overlay_strength=&#8221;0.3&#8243;][vc_column column_padding=&#8221;no-extra-padding&#8221; column_padding_position=&#8221;all&#8221; background_color_opacity=&#8221;1&#8243; background_hover_color_opacity=&#8221;1&#8243; width=&#8221;1\/6&#8243;][\/vc_column][vc_column centered_text=&#8221;true&#8221; column_padding=&#8221;no-extra-padding&#8221; column_padding_position=&#8221;all&#8221; background_color_opacity=&#8221;1&#8243; background_hover_color_opacity=&#8221;1&#8243; width=&#8221;2\/3&#8243;][vc_column_text]\n<h6>Familial 4-star hotel in S\u00f6lden<\/h6>\n<h1>Your host family Gr\u00fcner<\/h1>\n[\/vc_column_text][\/vc_column][vc_column column_padding=&#8221;no-extra-padding&#8221; column_padding_position=&#8221;all&#8221; background_color_opacity=&#8221;1&#8243; background_hover_color_opacity=&#8221;1&#8243; width=&#8221;1\/6&#8243;][\/vc_column][\/vc_row][vc_row type=&#8221;full_width_background&#8221; scene_position=&#8221;center&#8221; text_color=&#8221;dark&#8221; text_align=&#8221;left&#8221; class=&#8221;set-space-bot&#8221; overlay_strength=&#8221;0.3&#8243;][vc_column enable_animation=&#8221;true&#8221; animation=&#8221;fade-in&#8221; centered_text=&#8221;true&#8221; column_padding=&#8221;no-extra-padding&#8221; column_padding_position=&#8221;left-right&#8221; background_color_opacity=&#8221;1&#8243; background_hover_color_opacity=&#8221;1&#8243; width=&#8221;1\/2&#8243;][vc_row_inner][vc_column_inner column_padding=&#8221;no-extra-padding&#8221; column_padding_position=&#8221;all&#8221; background_color_opacity=&#8221;1&#8243; width=&#8221;1\/1&#8243;]<div class=\"img-with-aniamtion-wrap \"><img decoding=\"async\" class=\"img-with-animation \" data-delay=\"0\" height=\"100%\" width=\"100%\" data-animation=\"none\" src=\"https:\/\/gruener-soelden.com\/wp-content\/uploads\/2024\/06\/41-Familie.Gruener-41.jpg\" alt=\"\" \/><\/div>[\/vc_column_inner][\/vc_row_inner][\/vc_column][vc_column enable_animation=&#8221;true&#8221; animation=&#8221;fade-in&#8221; column_padding=&#8221;no-extra-padding&#8221; column_padding_position=&#8221;left-right&#8221; background_color_opacity=&#8221;1&#8243; background_hover_color_opacity=&#8221;1&#8243; width=&#8221;1\/2&#8243;][vc_row_inner content_placement=&#8221;middle&#8221; gap=&#8221;20&#8243;][vc_column_inner column_padding=&#8221;no-extra-padding&#8221; column_padding_position=&#8221;all&#8221; background_color_opacity=&#8221;1&#8243; width=&#8221;1\/1&#8243;]<div class=\"nectar-fancy-ul\" data-list-icon=\"icon-salient-thin-line\" data-animation=\"false\" data-color=\"extra-color-1\"> \n<h3>Accommodation in \u00d6tztal for generations<\/h3>\n<p>From the Gr\u00fcner family for families and guests that cherish and love the familial and uncomplicated atmosphere of the traditional inn: the four-star hotel in S\u00f6lden that carries the name Gasthof for a special reason.<\/p>\n<p>Not just host Matthias Gr\u00fcner but several family members welcome guests from all over the world.<\/p>\n<p>As a family with children the Gr\u00fcners know what parents and children long for the most on a holiday in the Tyrolean mountains: lots of space in the family suites, a variety of offerings and good spirits. <\/div>[\/vc_column_inner][\/vc_row_inner][\/vc_column][\/vc_row][vc_row type=&#8221;full_width_background&#8221; bg_color=&#8221;#e2d8c9&#8243; scene_position=&#8221;center&#8221; text_color=&#8221;dark&#8221; text_align=&#8221;left&#8221; class=&#8221;set-parallaxe-module&#8221; color_overlay=&#8221;rgba(255,255,255,0.67)&#8221; overlay_strength=&#8221;0.3&#8243;][vc_column column_padding=&#8221;no-extra-padding&#8221; column_padding_position=&#8221;all&#8221; background_color_opacity=&#8221;1&#8243; background_hover_color_opacity=&#8221;1&#8243; width=&#8221;1\/1&#8243;][vc_row_inner][vc_column_inner column_padding=&#8221;no-extra-padding&#8221; column_padding_position=&#8221;all&#8221; background_color_opacity=&#8221;1&#8243; width=&#8221;1\/3&#8243;][vc_column_text]\n<h2 style=\"text-align: right;\">A diverse holiday in Tyrol for all ages<\/h2>\n[\/vc_column_text][\/vc_column_inner][vc_column_inner column_padding=&#8221;padding-5-percent&#8221; column_padding_position=&#8221;left&#8221; background_color_opacity=&#8221;1&#8243; width=&#8221;2\/3&#8243;][vc_column_text]Aside from a brief period of time in May\/June, the host family Gr\u00fcner welcomes you during every season. Directly at the slope and in the middle of the hiking region.<\/p>\n<p>Only a few kilometres from the thermal spa in L\u00e4ngenfeld and outdoor action sports at AREA 47. With the AlpenSpa, diverse culinary art and many summer advantages with the \u00d6tztal Premium Card.<\/p>\n<p>But there\u2019s even more: Enjoy a full additional two days with us with Gr\u00fcner\u2019s StartKlar. All of that at the best price \u2013 with Gr\u00fcner Bonus, AlpinPass and children\u2019s discounts.[\/vc_column_text][\/vc_column_inner][\/vc_row_inner][\/vc_column][\/vc_row][vc_row type=&#8221;full_width_background&#8221; bg_color=&#8221;#ffffff&#8221; scene_position=&#8221;center&#8221; text_color=&#8221;dark&#8221; text_align=&#8221;left&#8221; overlay_strength=&#8221;0.3&#8243;][vc_column column_padding=&#8221;no-extra-padding&#8221; column_padding_position=&#8221;all&#8221; background_color_opacity=&#8221;1&#8243; background_hover_color_opacity=&#8221;1&#8243; width=&#8221;1\/1&#8243;]<div class=\"templatera_shortcode gui-primary\">\n\t<div id=\"fws_69d36bb66b38d\" data-midnight=\"dark\" data-bg-mobile-hidden=\"\" class=\"wpb_row vc_row-fluid vc_row full-width-section standard_section  set-maxioutro-module set-spaces \"  style=\"padding-top: 0px; padding-bottom: 0px; \"><div class=\"row-bg-wrap\"> <div class=\"row-bg   \"  style=\"\" data-color_overlay=\"\" data-color_overlay_2=\"\" data-gradient_direction=\"\" data-overlay_strength=\"0.3\" data-enable_gradient=\"false\"><\/div> <\/div><div class=\"col span_12 dark left\">\n\t<div  class=\"vc_col-sm-12 wpb_column column_container col centered-text no-extra-padding\"  data-bg-cover=\"\" data-padding-pos=\"all\" data-has-bg-color=\"false\" data-bg-color=\"\" data-bg-opacity=\"1\" data-hover-bg=\"\" data-hover-bg-opacity=\"1\" data-animation=\"\" data-delay=\"0\">\n\t\t\t<div class=\"wpb_wrapper\">\n\t\t\t\t\n\t<div class=\"wpb_text_column wpb_content_element \">\n\t\t<div class=\"wpb_wrapper\">\n\t\t\t<h3>S\u00f6lden: a vacation like no other<\/h3>\n<h2>Contact us<\/h2>\n\n\t\t<\/div>\n\t<\/div>\n\n\t<div class=\"wpb_raw_code wpb_content_element wpb_raw_html\">\n\t\t<div class=\"wpb_wrapper\">\n\t\t\t<p><a class=\"nectar-button large has-icon regular-button\" href=\"\/en\/contact-service\/vouchers\/\" data-color-override=\"#7b8926\" data-hover-color-override=\"false\" data-hover-text-color-override=\"#fff\" style=\"visibility: visible; background-color: rgb(123, 137, 38);\"><span>Vouchers<\/span> <i class=\"fa-heart\"><\/i><\/a><a class=\"nectar-button large accent-color has-icon regular-button\" href=\"\/en\/contact-service\/contact-enquiry\/\" data-color-override=\"false\" data-hover-color-override=\"false\" data-hover-text-color-override=\"#fff\" style=\"visibility: visible;\"><span>Non-binding request<\/span> <i class=\"fa-envelope\"><\/i><\/a><a class=\"nectar-button large accent-color has-icon regular-button\" style=\"visibility: visible;\" target=\"_blank\" href=\"https:\/\/onepagebooking.com\/alpengasthof-gruener?lang=en\" data-color-override=\"false\" data-hover-color-override=\"false\" data-hover-text-color-override=\"#fff\"><span>Book online<\/span> <i class=\"fa-suitcase\"><\/i><\/a><\/p>\n\t\t<\/div>\n\t<\/div>\n\n\t\t\t<\/div> \n\t<\/div> \n<\/div><\/div><\/div>[\/vc_column][\/vc_row][vc_row type=&#8221;full_width_content&#8221; scene_position=&#8221;center&#8221; text_color=&#8221;dark&#8221; text_align=&#8221;left&#8221; overlay_strength=&#8221;0.3&#8243;][vc_column enable_animation=&#8221;true&#8221; animation=&#8221;fade-in&#8221; column_padding=&#8221;no-extra-padding&#8221; column_padding_position=&#8221;all&#8221; background_color_opacity=&#8221;1&#8243; background_hover_color_opacity=&#8221;1&#8243; width=&#8221;1\/1&#8243; offset=&#8221;vc_hidden-sm vc_hidden-xs&#8221;][vc_row_inner][vc_column_inner column_padding=&#8221;no-extra-padding&#8221; column_padding_position=&#8221;all&#8221; background_color_opacity=&#8221;1&#8243; width=&#8221;1\/6&#8243;]<div class=\"img-with-aniamtion-wrap \"><img decoding=\"async\" class=\"img-with-animation \" data-delay=\"0\" height=\"100%\" width=\"100%\" data-animation=\"fade-in\" src=\"https:\/\/gruener-soelden.com\/wp-content\/uploads\/2024\/06\/9-Familie.Gruener-9.jpg\" alt=\"\" \/><\/div>[\/vc_column_inner][vc_column_inner column_padding=&#8221;no-extra-padding&#8221; column_padding_position=&#8221;all&#8221; background_color_opacity=&#8221;1&#8243; width=&#8221;1\/6&#8243;]<div class=\"img-with-aniamtion-wrap \"><img decoding=\"async\" class=\"img-with-animation \" data-delay=\"0\" height=\"100%\" width=\"100%\" data-animation=\"fade-in\" src=\"https:\/\/gruener-soelden.com\/wp-content\/uploads\/2024\/06\/39-Familie.Gruener-39.jpg\" alt=\"\" \/><\/div>[\/vc_column_inner][vc_column_inner column_padding=&#8221;no-extra-padding&#8221; column_padding_position=&#8221;all&#8221; background_color_opacity=&#8221;1&#8243; width=&#8221;1\/6&#8243;]<div class=\"img-with-aniamtion-wrap \"><img decoding=\"async\" class=\"img-with-animation \" data-delay=\"0\" height=\"100%\" width=\"100%\" data-animation=\"fade-in\" src=\"https:\/\/gruener-soelden.com\/wp-content\/uploads\/2024\/06\/80-Familie.Gruener-80.jpg\" alt=\"\" \/><\/div>[\/vc_column_inner][vc_column_inner column_padding=&#8221;no-extra-padding&#8221; column_padding_position=&#8221;all&#8221; background_color_opacity=&#8221;1&#8243; width=&#8221;1\/6&#8243;]<div class=\"img-with-aniamtion-wrap \"><img decoding=\"async\" class=\"img-with-animation \" data-delay=\"0\" height=\"100%\" width=\"100%\" data-animation=\"fade-in\" src=\"https:\/\/gruener-soelden.com\/wp-content\/uploads\/2024\/06\/40-Familie.Gruener-40.jpg\" alt=\"\" \/><\/div>[\/vc_column_inner][vc_column_inner column_padding=&#8221;no-extra-padding&#8221; column_padding_position=&#8221;all&#8221; background_color_opacity=&#8221;1&#8243; width=&#8221;1\/6&#8243;]<div class=\"img-with-aniamtion-wrap \"><img decoding=\"async\" class=\"img-with-animation \" data-delay=\"0\" height=\"100%\" width=\"100%\" data-animation=\"fade-in\" src=\"https:\/\/gruener-soelden.com\/wp-content\/uploads\/2024\/06\/18-Familie.Gruener-18.jpg\" alt=\"\" \/><\/div>[\/vc_column_inner][vc_column_inner column_padding=&#8221;no-extra-padding&#8221; column_padding_position=&#8221;all&#8221; background_color_opacity=&#8221;1&#8243; width=&#8221;1\/6&#8243;]<div class=\"img-with-aniamtion-wrap \"><img decoding=\"async\" class=\"img-with-animation \" data-delay=\"0\" height=\"100%\" width=\"100%\" data-animation=\"fade-in\" src=\"https:\/\/gruener-soelden.com\/wp-content\/uploads\/2024\/06\/41-Familie.Gruener-41.jpg\" alt=\"\" \/><\/div>[\/vc_column_inner][\/vc_row_inner][\/vc_column][\/vc_row]\n","protected":false},"excerpt":{"rendered":"S\u00f6lden: a vacation like no other Contact us Vouchers Non-binding request Book online","protected":false},"author":2,"featured_media":0,"parent":25887,"menu_order":0,"comment_status":"closed","ping_status":"closed","template":"","meta":{"footnotes":""},"class_list":["post-10912","page","type-page","status-publish","hentry"],"yoast_head":"<!-- This site is optimized with the Yoast SEO plugin v24.3 - https:\/\/yoast.com\/wordpress\/plugins\/seo\/ -->\n<title>Four-star hotel in S\u00f6lden: host family Gr\u00fcner<\/title>\n<meta name=\"description\" content=\"Familial hotel in \u00d6tztal for couples, families, mountain hikers and winter athletes: get to know your hosts at the Alpengasthof Gr\u00fcner in S\u00f6lden!\" \/>\n<meta name=\"robots\" content=\"index, follow, max-snippet:-1, max-image-preview:large, max-video-preview:-1\" \/>\n<link rel=\"canonical\" href=\"https:\/\/gruener-soelden.com\/en\/the-4-seasons\/your-hosts\/\" \/>\n<meta property=\"og:locale\" content=\"en_US\" \/>\n<meta property=\"og:type\" content=\"article\" \/>\n<meta property=\"og:title\" content=\"Four-star hotel in S\u00f6lden: host family Gr\u00fcner\" \/>\n<meta property=\"og:description\" content=\"Familial hotel in \u00d6tztal for couples, families, mountain hikers and winter athletes: get to know your hosts at the Alpengasthof Gr\u00fcner in S\u00f6lden!\" \/>\n<meta property=\"og:url\" content=\"https:\/\/gruener-soelden.com\/en\/the-4-seasons\/your-hosts\/\" \/>\n<meta property=\"og:site_name\" content=\"Ihr 4 Sterne Hotel in S\u00f6lden\" \/>\n<meta property=\"article:publisher\" content=\"https:\/\/www.facebook.com\/alpengasthof.gruener\" \/>\n<meta property=\"article:modified_time\" content=\"2025-04-15T15:14:03+00:00\" \/>\n<meta property=\"og:image\" content=\"https:\/\/gruener-soelden.com\/wp-content\/uploads\/2016\/06\/Alleinreisende_600.jpg\" \/>\n\t<meta property=\"og:image:width\" content=\"600\" \/>\n\t<meta property=\"og:image:height\" content=\"600\" \/>\n\t<meta property=\"og:image:type\" content=\"image\/jpeg\" \/>\n<meta name=\"twitter:card\" content=\"summary_large_image\" \/>\n<meta name=\"twitter:label1\" content=\"Est. reading time\" \/>\n\t<meta name=\"twitter:data1\" content=\"3 minutes\" \/>\n<script type=\"application\/ld+json\" class=\"yoast-schema-graph\">{\"@context\":\"https:\/\/schema.org\",\"@graph\":[{\"@type\":\"WebPage\",\"@id\":\"https:\/\/gruener-soelden.com\/en\/the-4-seasons\/your-hosts\/\",\"url\":\"https:\/\/gruener-soelden.com\/en\/the-4-seasons\/your-hosts\/\",\"name\":\"Four-star hotel in S\u00f6lden: host family Gr\u00fcner\",\"isPartOf\":{\"@id\":\"https:\/\/gruener-soelden.com\/#website\"},\"datePublished\":\"2016-06-30T10:38:43+00:00\",\"dateModified\":\"2025-04-15T15:14:03+00:00\",\"description\":\"Familial hotel in \u00d6tztal for couples, families, mountain hikers and winter athletes: get to know your hosts at the Alpengasthof Gr\u00fcner in S\u00f6lden!\",\"breadcrumb\":{\"@id\":\"https:\/\/gruener-soelden.com\/en\/the-4-seasons\/your-hosts\/#breadcrumb\"},\"inLanguage\":\"en-US\",\"potentialAction\":[{\"@type\":\"ReadAction\",\"target\":[\"https:\/\/gruener-soelden.com\/en\/the-4-seasons\/your-hosts\/\"]}]},{\"@type\":\"BreadcrumbList\",\"@id\":\"https:\/\/gruener-soelden.com\/en\/the-4-seasons\/your-hosts\/#breadcrumb\",\"itemListElement\":[{\"@type\":\"ListItem\",\"position\":1,\"name\":\"Startseite\",\"item\":\"https:\/\/gruener-soelden.com\/en\/\"},{\"@type\":\"ListItem\",\"position\":2,\"name\":\"The 4 seasons\",\"item\":\"https:\/\/gruener-soelden.com\/en\/alpengasthof-gruener\/the-4-seasons\/\"},{\"@type\":\"ListItem\",\"position\":3,\"name\":\"Your hosts\"}]},{\"@type\":\"WebSite\",\"@id\":\"https:\/\/gruener-soelden.com\/#website\",\"url\":\"https:\/\/gruener-soelden.com\/\",\"name\":\"Ihr 4 Sterne Hotel in S\u00f6lden\",\"description\":\"Alpengasthof Gr\u00fcner\",\"publisher\":{\"@id\":\"https:\/\/gruener-soelden.com\/#organization\"},\"potentialAction\":[{\"@type\":\"SearchAction\",\"target\":{\"@type\":\"EntryPoint\",\"urlTemplate\":\"https:\/\/gruener-soelden.com\/?s={search_term_string}\"},\"query-input\":{\"@type\":\"PropertyValueSpecification\",\"valueRequired\":true,\"valueName\":\"search_term_string\"}}],\"inLanguage\":\"en-US\"},{\"@type\":\"Organization\",\"@id\":\"https:\/\/gruener-soelden.com\/#organization\",\"name\":\"Alpengasthof Gr\u00fcner\",\"url\":\"https:\/\/gruener-soelden.com\/\",\"logo\":{\"@type\":\"ImageObject\",\"inLanguage\":\"en-US\",\"@id\":\"https:\/\/gruener-soelden.com\/#\/schema\/logo\/image\/\",\"url\":\"https:\/\/gruener-soelden.com\/wp-content\/uploads\/2016\/10\/grs-logo-neu.svg\",\"contentUrl\":\"https:\/\/gruener-soelden.com\/wp-content\/uploads\/2016\/10\/grs-logo-neu.svg\",\"width\":1,\"height\":1,\"caption\":\"Alpengasthof Gr\u00fcner\"},\"image\":{\"@id\":\"https:\/\/gruener-soelden.com\/#\/schema\/logo\/image\/\"},\"sameAs\":[\"https:\/\/www.facebook.com\/alpengasthof.gruener\"]}]}<\/script>\n<!-- \/ Yoast SEO plugin. -->","yoast_head_json":{"title":"Four-star hotel in S\u00f6lden: host family Gr\u00fcner","description":"Familial hotel in \u00d6tztal for couples, families, mountain hikers and winter athletes: get to know your hosts at the Alpengasthof Gr\u00fcner in S\u00f6lden!","robots":{"index":"index","follow":"follow","max-snippet":"max-snippet:-1","max-image-preview":"max-image-preview:large","max-video-preview":"max-video-preview:-1"},"canonical":"https:\/\/gruener-soelden.com\/en\/the-4-seasons\/your-hosts\/","og_locale":"en_US","og_type":"article","og_title":"Four-star hotel in S\u00f6lden: host family Gr\u00fcner","og_description":"Familial hotel in \u00d6tztal for couples, families, mountain hikers and winter athletes: get to know your hosts at the Alpengasthof Gr\u00fcner in S\u00f6lden!","og_url":"https:\/\/gruener-soelden.com\/en\/the-4-seasons\/your-hosts\/","og_site_name":"Ihr 4 Sterne Hotel in S\u00f6lden","article_publisher":"https:\/\/www.facebook.com\/alpengasthof.gruener","article_modified_time":"2025-04-15T15:14:03+00:00","og_image":[{"width":600,"height":600,"url":"https:\/\/gruener-soelden.com\/wp-content\/uploads\/2016\/06\/Alleinreisende_600.jpg","type":"image\/jpeg"}],"twitter_card":"summary_large_image","twitter_misc":{"Est. reading time":"3 minutes"},"schema":{"@context":"https:\/\/schema.org","@graph":[{"@type":"WebPage","@id":"https:\/\/gruener-soelden.com\/en\/the-4-seasons\/your-hosts\/","url":"https:\/\/gruener-soelden.com\/en\/the-4-seasons\/your-hosts\/","name":"Four-star hotel in S\u00f6lden: host family Gr\u00fcner","isPartOf":{"@id":"https:\/\/gruener-soelden.com\/#website"},"datePublished":"2016-06-30T10:38:43+00:00","dateModified":"2025-04-15T15:14:03+00:00","description":"Familial hotel in \u00d6tztal for couples, families, mountain hikers and winter athletes: get to know your hosts at the Alpengasthof Gr\u00fcner in S\u00f6lden!","breadcrumb":{"@id":"https:\/\/gruener-soelden.com\/en\/the-4-seasons\/your-hosts\/#breadcrumb"},"inLanguage":"en-US","potentialAction":[{"@type":"ReadAction","target":["https:\/\/gruener-soelden.com\/en\/the-4-seasons\/your-hosts\/"]}]},{"@type":"BreadcrumbList","@id":"https:\/\/gruener-soelden.com\/en\/the-4-seasons\/your-hosts\/#breadcrumb","itemListElement":[{"@type":"ListItem","position":1,"name":"Startseite","item":"https:\/\/gruener-soelden.com\/en\/"},{"@type":"ListItem","position":2,"name":"The 4 seasons","item":"https:\/\/gruener-soelden.com\/en\/alpengasthof-gruener\/the-4-seasons\/"},{"@type":"ListItem","position":3,"name":"Your hosts"}]},{"@type":"WebSite","@id":"https:\/\/gruener-soelden.com\/#website","url":"https:\/\/gruener-soelden.com\/","name":"Ihr 4 Sterne Hotel in S\u00f6lden","description":"Alpengasthof Gr\u00fcner","publisher":{"@id":"https:\/\/gruener-soelden.com\/#organization"},"potentialAction":[{"@type":"SearchAction","target":{"@type":"EntryPoint","urlTemplate":"https:\/\/gruener-soelden.com\/?s={search_term_string}"},"query-input":{"@type":"PropertyValueSpecification","valueRequired":true,"valueName":"search_term_string"}}],"inLanguage":"en-US"},{"@type":"Organization","@id":"https:\/\/gruener-soelden.com\/#organization","name":"Alpengasthof Gr\u00fcner","url":"https:\/\/gruener-soelden.com\/","logo":{"@type":"ImageObject","inLanguage":"en-US","@id":"https:\/\/gruener-soelden.com\/#\/schema\/logo\/image\/","url":"https:\/\/gruener-soelden.com\/wp-content\/uploads\/2016\/10\/grs-logo-neu.svg","contentUrl":"https:\/\/gruener-soelden.com\/wp-content\/uploads\/2016\/10\/grs-logo-neu.svg","width":1,"height":1,"caption":"Alpengasthof Gr\u00fcner"},"image":{"@id":"https:\/\/gruener-soelden.com\/#\/schema\/logo\/image\/"},"sameAs":["https:\/\/www.facebook.com\/alpengasthof.gruener"]}]}},"_links":{"self":[{"href":"https:\/\/gruener-soelden.com\/en\/wp-json\/wp\/v2\/pages\/10912\/"}],"collection":[{"href":"https:\/\/gruener-soelden.com\/en\/wp-json\/wp\/v2\/pages\/"}],"about":[{"href":"https:\/\/gruener-soelden.com\/en\/wp-json\/wp\/v2\/types\/page\/"}],"author":[{"embeddable":true,"href":"https:\/\/gruener-soelden.com\/en\/wp-json\/wp\/v2\/users\/2\/"}],"replies":[{"embeddable":true,"href":"https:\/\/gruener-soelden.com\/en\/wp-json\/wp\/v2\/comments\/?post=10912"}],"version-history":[{"count":25,"href":"https:\/\/gruener-soelden.com\/en\/wp-json\/wp\/v2\/pages\/10912\/revisions\/"}],"predecessor-version":[{"id":27227,"href":"https:\/\/gruener-soelden.com\/en\/wp-json\/wp\/v2\/pages\/10912\/revisions\/27227\/"}],"up":[{"embeddable":true,"href":"https:\/\/gruener-soelden.com\/en\/wp-json\/wp\/v2\/pages\/25887\/"}],"wp:attachment":[{"href":"https:\/\/gruener-soelden.com\/en\/wp-json\/wp\/v2\/media\/?parent=10912"}],"curies":[{"name":"wp","href":"https:\/\/api.w.org\/{rel}","templated":true}]}}