{"id":10938,"date":"2016-06-30T13:02:20","date_gmt":"2016-06-30T11:02:20","guid":{"rendered":"http:\/\/neu.gruener-soelden.com\/en\/?page_id=10938"},"modified":"2024-08-22T10:29:37","modified_gmt":"2024-08-22T08:29:37","slug":"newsletter-subscription","status":"publish","type":"page","link":"https:\/\/gruener-soelden.com\/en\/contact-service\/newsletter-subscription\/","title":{"rendered":"Newsletter subscription"},"content":{"rendered":"[vc_row type=&#8221;full_width_background&#8221; bg_image=&#8221;21503&#8243; bg_position=&#8221;center center&#8221; bg_repeat=&#8221;no-repeat&#8221; scene_position=&#8221;center&#8221; text_color=&#8221;dark&#8221; text_align=&#8221;left&#8221; class=&#8221;set-intro-header&#8221; overlay_strength=&#8221;0.3&#8243;][vc_column column_padding=&#8221;no-extra-padding&#8221; column_padding_position=&#8221;all&#8221; background_color_opacity=&#8221;0.1&#8243; background_hover_color_opacity=&#8221;0.1&#8243; width=&#8221;1\/1&#8243;][\/vc_column][\/vc_row][vc_row type=&#8221;in_container&#8221; scene_position=&#8221;center&#8221; text_color=&#8221;dark&#8221; text_align=&#8221;left&#8221; class=&#8221;set-intro-text&#8221; overlay_strength=&#8221;0.3&#8243;][vc_column column_padding=&#8221;no-extra-padding&#8221; column_padding_position=&#8221;all&#8221; background_color_opacity=&#8221;1&#8243; background_hover_color_opacity=&#8221;1&#8243; width=&#8221;1\/6&#8243;][\/vc_column][vc_column centered_text=&#8221;true&#8221; column_padding=&#8221;no-extra-padding&#8221; column_padding_position=&#8221;all&#8221; background_color_opacity=&#8221;1&#8243; background_hover_color_opacity=&#8221;1&#8243; width=&#8221;2\/3&#8243;][vc_column_text]\n<h6>Free &amp; non-binding information<\/h6>\n<h1>Subscribe to the Gr\u00fcner newsletter<\/h1>\n[\/vc_column_text][\/vc_column][vc_column column_padding=&#8221;no-extra-padding&#8221; column_padding_position=&#8221;all&#8221; background_color_opacity=&#8221;1&#8243; background_hover_color_opacity=&#8221;1&#8243; width=&#8221;1\/6&#8243;][\/vc_column][\/vc_row][vc_row type=&#8221;full_width_background&#8221; scene_position=&#8221;center&#8221; text_color=&#8221;dark&#8221; text_align=&#8221;left&#8221; overlay_strength=&#8221;0.3&#8243;][vc_column column_padding=&#8221;no-extra-padding&#8221; column_padding_position=&#8221;all&#8221; background_color_opacity=&#8221;1&#8243; background_hover_color_opacity=&#8221;1&#8243; width=&#8221;1\/6&#8243;][\/vc_column][vc_column column_padding=&#8221;no-extra-padding&#8221; column_padding_position=&#8221;all&#8221; background_color_opacity=&#8221;1&#8243; background_hover_color_opacity=&#8221;1&#8243; width=&#8221;2\/3&#8243;][vc_column_text]  \t\t\t<div  id=\"anchorPosition\" class=\"hide\"><\/div>\n\n            <form action=\"\" method=\"post\" accept-charset=\"utf-8\" name=\"scnmanfrage\" role=\"form\" class=\"form-horizontal\">\n\n           \t\t \t<div class=\"form-container\">\n            \t \t\t\n<div class=\"error \">\n    <div id=\"mandatoryerrors\">Selected mandatory not filled or incorrectly!<\/div>\n<\/div>\n\n\n<h4 class=\"form-title first-form-title\">Subscribe to the Gr\u00fcner newsletter<\/h4>\n\n\n<fieldset class=\"clearfix\">\n\n    <div class=\"form-group form-group-float\">\n        <label for=\"form_EMAIL\" class=\"control-label required\">E-Mail<\/label>\n        <div class=\"form-input\">\n            <input type=\"text\" name=\"form_EMAIL\" id=\"form_EMAIL\" value=\"\" required\/>\n        <\/div>\n    <\/div>\n\n    <div class=\"form-group form-group-float\">\n        <label for=\"form_SALUTATION\" class=\"control-label\">Salutation:<\/label>\n        <div class=\"form-input form-select\">\n            <select name=\"form_SALUTATION\" id=\"form_SALUTATION\" class=\"form-control\">\n                <option value=\"0\">Bitte w\u00e4hlen<\/option>\n                <option value=\"Mrs\">Mrs<\/option>\n                <option value=\"Mr\">Mr<\/option>\n                <option value=\"Family\">Family<\/option>\n            <\/select>\n        <\/div>\n    <\/div>\n\n<\/fieldset>\n\n\n<fieldset class=\"clearfix\">\n\n    <div class=\"form-group form-group-float\">\n        <label class=\"control-label\" for=\"form_FIRSTNAME\">First name:<\/label>\n        <div class=\"form-input\">\n            <input type=\"text\" value=\"\" name=\"form_FIRSTNAME\" id=\"form_FIRSTNAME\">\n        <\/div>\n    <\/div>\n\n    <div class=\"form-group form-group-float\">\n        <label class=\"control-label\" for=\"form_NAME\">Surname:<\/label>\n        <div class=\"form-input\">\n            <input type=\"text\" value=\"\" name=\"form_NAME\" id=\"form_NAME\">\n        <\/div>\n    <\/div>\n\n<\/fieldset>\n\n\n\n<fieldset class=\"clearfix\">\n    <div class=\"form-group form-group-float\">\n        <label class=\"control-label required\" for=\"form_INTEREST\">Newsletter-Content<\/label>\n        <div class=\"form-input form-select\">\n            <select name=\"form_INTEREST\" id=\"form_INTEREST\" class=\"form-control required\">\n                <option value=\"0\">Bitte w\u00e4hlen<\/option>\n                <option value=\"Inn-Newsletter\">Inn-Newsletter<\/option>\n                <option value=\"Hotel-Newsletter\">Hotel-Newsletter<\/option>\n            <\/select>\n        <\/div>\n    <\/div>\n<\/fieldset>\n\n\n<fieldset class=\"clearfix s-space-top\">\n    <div class=\"form-group-cta\">\n        <button class=\"set-samera-btn submitForm\" data-gtm-submit-v5-unbinding-request=\"v5-unverbindliche-anfrage-abschicken\">Send<\/button>\n    <\/div>\n<\/fieldset>\n\n\n<div class=\"spin-box hide\">\n    <iframe loading=\"lazy\" allowtransparency=\"true\" name=\"Iframe\" src=\"\/scnem-formular\/spin-loader\/spin.html\" scrolling=\"no\" height=\"30\" width=\"30\"\n            frameborder=\"no\"><\/iframe>\n<\/div>\n               \t\t<\/div>\n\n                    <div class=\"hide\">\n                        <input type=\"hidden\" name=\"form_LANGUAGE\" id=\"form_LANGUAGE\" value=\"ZW4=\" \/>\n                        <input type=\"hidden\" name=\"form_ANTWORTPAGE\" id=\"form_ANTWORTPAGE\" value=\"https:\/\/gruener-soelden.com\/en\/success-newsletter\/\" \/>\n                        <input type=\"hidden\" name=\"form_BUTTONTEXT\" id=\"form_BUTTONTEXT\" value=\"U2VuZA==\" \/>\n                        <input type=\"hidden\" name=\"form_INC\" id=\"form_INC\" value=\"L3NjbmVtLWZvcm11bGFyL2luY2xfbmV3c2xldHRlcl9mb3JtZmVsZGVyLXNjbmVtLnBocA==\" \/>\n                        <input type=\"hidden\" name=\"NEWSLETTERABO\" id=\"NEWSLETTERABO\" value=\"1\" \/>\n                        <input type=\"hidden\" id=\"form-nonce\" name=\"form-nonce\" value=\"3e45edb174\" \/><input type=\"hidden\" name=\"_wp_http_referer\" value=\"\/en\/wp-json\/wp\/v2\/pages\/10938\/\" \/>                        <input name=\"action\" value=\"form-submit\" type=\"hidden\"\/>\n                        <input name=\"form-name\" value=\"form-newsletter\" type=\"hidden\"\/>\n                   <\/div>\n\n           <\/form>\n[\/vc_column_text][\/vc_column][vc_column column_padding=&#8221;no-extra-padding&#8221; column_padding_position=&#8221;all&#8221; background_color_opacity=&#8221;1&#8243; background_hover_color_opacity=&#8221;1&#8243; width=&#8221;1\/6&#8243;][\/vc_column][\/vc_row][vc_row type=&#8221;full_width_background&#8221; scene_position=&#8221;center&#8221; text_color=&#8221;dark&#8221; text_align=&#8221;left&#8221; class=&#8221;set-spaces-bot required-note&#8221; overlay_strength=&#8221;0.3&#8243;][vc_column column_padding=&#8221;no-extra-padding&#8221; column_padding_position=&#8221;all&#8221; background_color_opacity=&#8221;1&#8243; background_hover_color_opacity=&#8221;1&#8243; width=&#8221;1\/6&#8243;][\/vc_column][vc_column column_padding=&#8221;no-extra-padding&#8221; column_padding_position=&#8221;all&#8221; background_color_opacity=&#8221;1&#8243; background_hover_color_opacity=&#8221;1&#8243; width=&#8221;2\/3&#8243;][vc_column_text]By ticking this button, you consent to the processing of the above-mentioned personal data by the party responsible for data privacy, the Alpengasthof Gr\u00fcner GmbH, Au\u00dferwaldstra\u00dfe 19, 6450 S\u00f6lden, info@gruener-soelden.com for the purpose of sending you an email newsletter based on your compliance until revoked or objected to. There is no legal or contractual obligation to provide personal data or to give consent. The only consequence of not providing or granting consent is that you will not be sent information. Data will not be passed to other recipients.[\/vc_column_text][\/vc_column][vc_column column_padding=&#8221;no-extra-padding&#8221; column_padding_position=&#8221;all&#8221; background_color_opacity=&#8221;1&#8243; background_hover_color_opacity=&#8221;1&#8243; width=&#8221;1\/6&#8243;][\/vc_column][\/vc_row][vc_row type=&#8221;in_container&#8221; scene_position=&#8221;center&#8221; text_color=&#8221;dark&#8221; text_align=&#8221;left&#8221; overlay_strength=&#8221;0.3&#8243;][vc_column column_padding=&#8221;no-extra-padding&#8221; column_padding_position=&#8221;all&#8221; background_color_opacity=&#8221;1&#8243; background_hover_color_opacity=&#8221;1&#8243; width=&#8221;1\/1&#8243;][\/vc_column][\/vc_row]\n","protected":false},"excerpt":{"rendered":"<p>[vc_row type=&#8221;full_width_background&#8221; bg_image=&#8221;21503&#8243; bg_position=&#8221;center center&#8221; bg_repeat=&#8221;no-repeat&#8221; scene_position=&#8221;center&#8221; text_color=&#8221;dark&#8221; text_align=&#8221;left&#8221; class=&#8221;set-intro-header&#8221; overlay_strength=&#8221;0.3&#8243;][vc_column column_padding=&#8221;no-extra-padding&#8221; column_padding_position=&#8221;all&#8221; background_color_opacity=&#8221;0.1&#8243; background_hover_color_opacity=&#8221;0.1&#8243; width=&#8221;1\/1&#8243;][\/vc_column][\/vc_row][vc_row type=&#8221;in_container&#8221; scene_position=&#8221;center&#8221; text_color=&#8221;dark&#8221; text_align=&#8221;left&#8221; class=&#8221;set-intro-text&#8221; overlay_strength=&#8221;0.3&#8243;][vc_column column_padding=&#8221;no-extra-padding&#8221; column_padding_position=&#8221;all&#8221; background_color_opacity=&#8221;1&#8243; background_hover_color_opacity=&#8221;1&#8243; width=&#8221;1\/6&#8243;][\/vc_column][vc_column centered_text=&#8221;true&#8221; column_padding=&#8221;no-extra-padding&#8221; column_padding_position=&#8221;all&#8221;&#8230;<\/p>\n","protected":false},"author":2,"featured_media":0,"parent":10934,"menu_order":0,"comment_status":"closed","ping_status":"closed","template":"","meta":{"footnotes":""},"class_list":["post-10938","page","type-page","status-publish","hentry"],"yoast_head":"<!-- This site is optimized with the Yoast SEO plugin v24.3 - https:\/\/yoast.com\/wordpress\/plugins\/seo\/ -->\n<title>Newsletter subscription | Alpengasthof Gr\u00fcner, S\u00f6lden<\/title>\n<meta name=\"description\" content=\"Be among the first to find current offers and information from S\u00f6lden in your inbox with Gr\u00fcner\u2019s newsletter. Order now for free!\" \/>\n<meta name=\"robots\" content=\"index, follow, max-snippet:-1, max-image-preview:large, max-video-preview:-1\" \/>\n<link rel=\"canonical\" href=\"https:\/\/gruener-soelden.com\/en\/contact-service\/newsletter-subscription\/\" \/>\n<meta property=\"og:locale\" content=\"en_US\" \/>\n<meta property=\"og:type\" content=\"article\" \/>\n<meta property=\"og:title\" content=\"Newsletter subscription | Alpengasthof Gr\u00fcner, S\u00f6lden\" \/>\n<meta property=\"og:description\" content=\"Be among the first to find current offers and information from S\u00f6lden in your inbox with Gr\u00fcner\u2019s newsletter. Order now for free!\" \/>\n<meta property=\"og:url\" content=\"https:\/\/gruener-soelden.com\/en\/contact-service\/newsletter-subscription\/\" \/>\n<meta property=\"og:site_name\" content=\"Ihr 4 Sterne Hotel in S\u00f6lden\" \/>\n<meta property=\"article:publisher\" content=\"https:\/\/www.facebook.com\/alpengasthof.gruener\" \/>\n<meta property=\"article:modified_time\" content=\"2024-08-22T08:29:37+00:00\" \/>\n<meta property=\"og:image\" content=\"https:\/\/gruener-soelden.com\/wp-content\/uploads\/2016\/06\/Alleinreisende_600.jpg\" \/>\n\t<meta property=\"og:image:width\" content=\"600\" \/>\n\t<meta property=\"og:image:height\" content=\"600\" \/>\n\t<meta property=\"og:image:type\" content=\"image\/jpeg\" \/>\n<meta name=\"twitter:card\" content=\"summary_large_image\" \/>\n<meta name=\"twitter:label1\" content=\"Est. reading time\" \/>\n\t<meta name=\"twitter:data1\" content=\"2 minutes\" \/>\n<script type=\"application\/ld+json\" class=\"yoast-schema-graph\">{\"@context\":\"https:\/\/schema.org\",\"@graph\":[{\"@type\":\"WebPage\",\"@id\":\"https:\/\/gruener-soelden.com\/en\/contact-service\/newsletter-subscription\/\",\"url\":\"https:\/\/gruener-soelden.com\/en\/contact-service\/newsletter-subscription\/\",\"name\":\"Newsletter subscription | Alpengasthof Gr\u00fcner, S\u00f6lden\",\"isPartOf\":{\"@id\":\"https:\/\/gruener-soelden.com\/#website\"},\"datePublished\":\"2016-06-30T11:02:20+00:00\",\"dateModified\":\"2024-08-22T08:29:37+00:00\",\"description\":\"Be among the first to find current offers and information from S\u00f6lden in your inbox with Gr\u00fcner\u2019s newsletter. Order now for free!\",\"breadcrumb\":{\"@id\":\"https:\/\/gruener-soelden.com\/en\/contact-service\/newsletter-subscription\/#breadcrumb\"},\"inLanguage\":\"en-US\",\"potentialAction\":[{\"@type\":\"ReadAction\",\"target\":[\"https:\/\/gruener-soelden.com\/en\/contact-service\/newsletter-subscription\/\"]}]},{\"@type\":\"BreadcrumbList\",\"@id\":\"https:\/\/gruener-soelden.com\/en\/contact-service\/newsletter-subscription\/#breadcrumb\",\"itemListElement\":[{\"@type\":\"ListItem\",\"position\":1,\"name\":\"Startseite\",\"item\":\"https:\/\/gruener-soelden.com\/en\/\"},{\"@type\":\"ListItem\",\"position\":2,\"name\":\"Contact &#038; service\",\"item\":\"https:\/\/gruener-soelden.com\/en\/contact-service\/\"},{\"@type\":\"ListItem\",\"position\":3,\"name\":\"Newsletter subscription\"}]},{\"@type\":\"WebSite\",\"@id\":\"https:\/\/gruener-soelden.com\/#website\",\"url\":\"https:\/\/gruener-soelden.com\/\",\"name\":\"Ihr 4 Sterne Hotel in S\u00f6lden\",\"description\":\"Alpengasthof Gr\u00fcner\",\"publisher\":{\"@id\":\"https:\/\/gruener-soelden.com\/#organization\"},\"potentialAction\":[{\"@type\":\"SearchAction\",\"target\":{\"@type\":\"EntryPoint\",\"urlTemplate\":\"https:\/\/gruener-soelden.com\/?s={search_term_string}\"},\"query-input\":{\"@type\":\"PropertyValueSpecification\",\"valueRequired\":true,\"valueName\":\"search_term_string\"}}],\"inLanguage\":\"en-US\"},{\"@type\":\"Organization\",\"@id\":\"https:\/\/gruener-soelden.com\/#organization\",\"name\":\"Alpengasthof Gr\u00fcner\",\"url\":\"https:\/\/gruener-soelden.com\/\",\"logo\":{\"@type\":\"ImageObject\",\"inLanguage\":\"en-US\",\"@id\":\"https:\/\/gruener-soelden.com\/#\/schema\/logo\/image\/\",\"url\":\"https:\/\/gruener-soelden.com\/wp-content\/uploads\/2016\/10\/grs-logo-neu.svg\",\"contentUrl\":\"https:\/\/gruener-soelden.com\/wp-content\/uploads\/2016\/10\/grs-logo-neu.svg\",\"width\":1,\"height\":1,\"caption\":\"Alpengasthof Gr\u00fcner\"},\"image\":{\"@id\":\"https:\/\/gruener-soelden.com\/#\/schema\/logo\/image\/\"},\"sameAs\":[\"https:\/\/www.facebook.com\/alpengasthof.gruener\"]}]}<\/script>\n<!-- \/ Yoast SEO plugin. -->","yoast_head_json":{"title":"Newsletter subscription | Alpengasthof Gr\u00fcner, S\u00f6lden","description":"Be among the first to find current offers and information from S\u00f6lden in your inbox with Gr\u00fcner\u2019s newsletter. Order now for free!","robots":{"index":"index","follow":"follow","max-snippet":"max-snippet:-1","max-image-preview":"max-image-preview:large","max-video-preview":"max-video-preview:-1"},"canonical":"https:\/\/gruener-soelden.com\/en\/contact-service\/newsletter-subscription\/","og_locale":"en_US","og_type":"article","og_title":"Newsletter subscription | Alpengasthof Gr\u00fcner, S\u00f6lden","og_description":"Be among the first to find current offers and information from S\u00f6lden in your inbox with Gr\u00fcner\u2019s newsletter. Order now for free!","og_url":"https:\/\/gruener-soelden.com\/en\/contact-service\/newsletter-subscription\/","og_site_name":"Ihr 4 Sterne Hotel in S\u00f6lden","article_publisher":"https:\/\/www.facebook.com\/alpengasthof.gruener","article_modified_time":"2024-08-22T08:29:37+00:00","og_image":[{"width":600,"height":600,"url":"https:\/\/gruener-soelden.com\/wp-content\/uploads\/2016\/06\/Alleinreisende_600.jpg","type":"image\/jpeg"}],"twitter_card":"summary_large_image","twitter_misc":{"Est. reading time":"2 minutes"},"schema":{"@context":"https:\/\/schema.org","@graph":[{"@type":"WebPage","@id":"https:\/\/gruener-soelden.com\/en\/contact-service\/newsletter-subscription\/","url":"https:\/\/gruener-soelden.com\/en\/contact-service\/newsletter-subscription\/","name":"Newsletter subscription | Alpengasthof Gr\u00fcner, S\u00f6lden","isPartOf":{"@id":"https:\/\/gruener-soelden.com\/#website"},"datePublished":"2016-06-30T11:02:20+00:00","dateModified":"2024-08-22T08:29:37+00:00","description":"Be among the first to find current offers and information from S\u00f6lden in your inbox with Gr\u00fcner\u2019s newsletter. Order now for free!","breadcrumb":{"@id":"https:\/\/gruener-soelden.com\/en\/contact-service\/newsletter-subscription\/#breadcrumb"},"inLanguage":"en-US","potentialAction":[{"@type":"ReadAction","target":["https:\/\/gruener-soelden.com\/en\/contact-service\/newsletter-subscription\/"]}]},{"@type":"BreadcrumbList","@id":"https:\/\/gruener-soelden.com\/en\/contact-service\/newsletter-subscription\/#breadcrumb","itemListElement":[{"@type":"ListItem","position":1,"name":"Startseite","item":"https:\/\/gruener-soelden.com\/en\/"},{"@type":"ListItem","position":2,"name":"Contact &#038; service","item":"https:\/\/gruener-soelden.com\/en\/contact-service\/"},{"@type":"ListItem","position":3,"name":"Newsletter subscription"}]},{"@type":"WebSite","@id":"https:\/\/gruener-soelden.com\/#website","url":"https:\/\/gruener-soelden.com\/","name":"Ihr 4 Sterne Hotel in S\u00f6lden","description":"Alpengasthof Gr\u00fcner","publisher":{"@id":"https:\/\/gruener-soelden.com\/#organization"},"potentialAction":[{"@type":"SearchAction","target":{"@type":"EntryPoint","urlTemplate":"https:\/\/gruener-soelden.com\/?s={search_term_string}"},"query-input":{"@type":"PropertyValueSpecification","valueRequired":true,"valueName":"search_term_string"}}],"inLanguage":"en-US"},{"@type":"Organization","@id":"https:\/\/gruener-soelden.com\/#organization","name":"Alpengasthof Gr\u00fcner","url":"https:\/\/gruener-soelden.com\/","logo":{"@type":"ImageObject","inLanguage":"en-US","@id":"https:\/\/gruener-soelden.com\/#\/schema\/logo\/image\/","url":"https:\/\/gruener-soelden.com\/wp-content\/uploads\/2016\/10\/grs-logo-neu.svg","contentUrl":"https:\/\/gruener-soelden.com\/wp-content\/uploads\/2016\/10\/grs-logo-neu.svg","width":1,"height":1,"caption":"Alpengasthof Gr\u00fcner"},"image":{"@id":"https:\/\/gruener-soelden.com\/#\/schema\/logo\/image\/"},"sameAs":["https:\/\/www.facebook.com\/alpengasthof.gruener"]}]}},"_links":{"self":[{"href":"https:\/\/gruener-soelden.com\/en\/wp-json\/wp\/v2\/pages\/10938\/"}],"collection":[{"href":"https:\/\/gruener-soelden.com\/en\/wp-json\/wp\/v2\/pages\/"}],"about":[{"href":"https:\/\/gruener-soelden.com\/en\/wp-json\/wp\/v2\/types\/page\/"}],"author":[{"embeddable":true,"href":"https:\/\/gruener-soelden.com\/en\/wp-json\/wp\/v2\/users\/2\/"}],"replies":[{"embeddable":true,"href":"https:\/\/gruener-soelden.com\/en\/wp-json\/wp\/v2\/comments\/?post=10938"}],"version-history":[{"count":8,"href":"https:\/\/gruener-soelden.com\/en\/wp-json\/wp\/v2\/pages\/10938\/revisions\/"}],"predecessor-version":[{"id":26076,"href":"https:\/\/gruener-soelden.com\/en\/wp-json\/wp\/v2\/pages\/10938\/revisions\/26076\/"}],"up":[{"embeddable":true,"href":"https:\/\/gruener-soelden.com\/en\/wp-json\/wp\/v2\/pages\/10934\/"}],"wp:attachment":[{"href":"https:\/\/gruener-soelden.com\/en\/wp-json\/wp\/v2\/media\/?parent=10938"}],"curies":[{"name":"wp","href":"https:\/\/api.w.org\/{rel}","templated":true}]}}